{"id":500,"date":"2022-01-19T17:36:23","date_gmt":"2022-01-19T17:36:23","guid":{"rendered":"https:\/\/crazydemos.com\/demo\/iconpro\/?page_id=500"},"modified":"2025-09-10T06:32:40","modified_gmt":"2025-09-10T06:32:40","slug":"machine-vision","status":"publish","type":"page","link":"https:\/\/crazydemos.com\/demo\/iconpro\/use-cases\/machine-vision\/","title":{"rendered":"Machine Vision"},"content":{"rendered":"","protected":false},"excerpt":{"rendered":"","protected":false},"author":1,"featured_media":0,"parent":404,"menu_order":0,"comment_status":"closed","ping_status":"closed","template":"","meta":{"_acf_changed":false,"footnotes":""},"class_list":["post-500","page","type-page","status-publish","hentry"],"acf":[],"yoast_head":"<!-- This site is optimized with the Yoast SEO plugin v25.9 - https:\/\/yoast.com\/wordpress\/plugins\/seo\/ -->\n<title>Machine Vision f\u00fcr die industrielle Bildverarbeitung<\/title>\n<meta name=\"description\" content=\"Machine Vision AUTOMATISIERT die industrielle BILDVERARBEITUNG AUCH BEI wechselnden St\u00f6reinfl\u00fcssen f\u00fcr REDUZIERTE KOSTEN und Auswertezeiten.\" \/>\n<meta name=\"robots\" content=\"index, follow, max-snippet:-1, max-image-preview:large, max-video-preview:-1\" \/>\n<link rel=\"canonical\" href=\"https:\/\/crazydemos.com\/demo\/iconpro\/use-cases\/machine-vision\/\" \/>\n<meta property=\"og:locale\" content=\"de_DE\" \/>\n<meta property=\"og:type\" content=\"article\" \/>\n<meta property=\"og:title\" content=\"Machine Vision f\u00fcr die industrielle Bildverarbeitung\" \/>\n<meta property=\"og:description\" content=\"Machine Vision AUTOMATISIERT die industrielle BILDVERARBEITUNG AUCH BEI wechselnden St\u00f6reinfl\u00fcssen f\u00fcr REDUZIERTE KOSTEN und Auswertezeiten.\" \/>\n<meta property=\"og:url\" content=\"https:\/\/crazydemos.com\/demo\/iconpro\/use-cases\/machine-vision\/\" \/>\n<meta property=\"og:site_name\" content=\"IconPro\" \/>\n<meta property=\"article:modified_time\" content=\"2025-09-10T06:32:40+00:00\" \/>\n<meta name=\"twitter:card\" content=\"summary_large_image\" \/>\n<script type=\"application\/ld+json\" class=\"yoast-schema-graph\">{\"@context\":\"https:\/\/schema.org\",\"@graph\":[{\"@type\":\"WebPage\",\"@id\":\"https:\/\/crazydemos.com\/demo\/iconpro\/use-cases\/machine-vision\/\",\"url\":\"https:\/\/crazydemos.com\/demo\/iconpro\/use-cases\/machine-vision\/\",\"name\":\"Machine Vision f\u00fcr die industrielle Bildverarbeitung\",\"isPartOf\":{\"@id\":\"https:\/\/crazydemos.com\/demo\/iconpro\/#website\"},\"datePublished\":\"2022-01-19T17:36:23+00:00\",\"dateModified\":\"2025-09-10T06:32:40+00:00\",\"description\":\"Machine Vision AUTOMATISIERT die industrielle BILDVERARBEITUNG AUCH BEI wechselnden St\u00f6reinfl\u00fcssen f\u00fcr REDUZIERTE KOSTEN und Auswertezeiten.\",\"breadcrumb\":{\"@id\":\"https:\/\/crazydemos.com\/demo\/iconpro\/use-cases\/machine-vision\/#breadcrumb\"},\"inLanguage\":\"de\",\"potentialAction\":[{\"@type\":\"ReadAction\",\"target\":[\"https:\/\/crazydemos.com\/demo\/iconpro\/use-cases\/machine-vision\/\"]}]},{\"@type\":\"BreadcrumbList\",\"@id\":\"https:\/\/crazydemos.com\/demo\/iconpro\/use-cases\/machine-vision\/#breadcrumb\",\"itemListElement\":[{\"@type\":\"ListItem\",\"position\":1,\"name\":\"Home\",\"item\":\"https:\/\/crazydemos.com\/demo\/iconpro\/\"},{\"@type\":\"ListItem\",\"position\":2,\"name\":\"Use Cases\",\"item\":\"https:\/\/crazydemos.com\/demo\/iconpro\/use-cases\/\"},{\"@type\":\"ListItem\",\"position\":3,\"name\":\"Machine Vision\"}]},{\"@type\":\"WebSite\",\"@id\":\"https:\/\/crazydemos.com\/demo\/iconpro\/#website\",\"url\":\"https:\/\/crazydemos.com\/demo\/iconpro\/\",\"name\":\"IconPro\",\"description\":\"\",\"potentialAction\":[{\"@type\":\"SearchAction\",\"target\":{\"@type\":\"EntryPoint\",\"urlTemplate\":\"https:\/\/crazydemos.com\/demo\/iconpro\/?s={search_term_string}\"},\"query-input\":{\"@type\":\"PropertyValueSpecification\",\"valueRequired\":true,\"valueName\":\"search_term_string\"}}],\"inLanguage\":\"de\"}]}<\/script>\n<!-- \/ Yoast SEO plugin. -->","yoast_head_json":{"title":"Machine Vision f\u00fcr die industrielle Bildverarbeitung","description":"Machine Vision AUTOMATISIERT die industrielle BILDVERARBEITUNG AUCH BEI wechselnden St\u00f6reinfl\u00fcssen f\u00fcr REDUZIERTE KOSTEN und Auswertezeiten.","robots":{"index":"index","follow":"follow","max-snippet":"max-snippet:-1","max-image-preview":"max-image-preview:large","max-video-preview":"max-video-preview:-1"},"canonical":"https:\/\/crazydemos.com\/demo\/iconpro\/use-cases\/machine-vision\/","og_locale":"de_DE","og_type":"article","og_title":"Machine Vision f\u00fcr die industrielle Bildverarbeitung","og_description":"Machine Vision AUTOMATISIERT die industrielle BILDVERARBEITUNG AUCH BEI wechselnden St\u00f6reinfl\u00fcssen f\u00fcr REDUZIERTE KOSTEN und Auswertezeiten.","og_url":"https:\/\/crazydemos.com\/demo\/iconpro\/use-cases\/machine-vision\/","og_site_name":"IconPro","article_modified_time":"2025-09-10T06:32:40+00:00","twitter_card":"summary_large_image","schema":{"@context":"https:\/\/schema.org","@graph":[{"@type":"WebPage","@id":"https:\/\/crazydemos.com\/demo\/iconpro\/use-cases\/machine-vision\/","url":"https:\/\/crazydemos.com\/demo\/iconpro\/use-cases\/machine-vision\/","name":"Machine Vision f\u00fcr die industrielle Bildverarbeitung","isPartOf":{"@id":"https:\/\/crazydemos.com\/demo\/iconpro\/#website"},"datePublished":"2022-01-19T17:36:23+00:00","dateModified":"2025-09-10T06:32:40+00:00","description":"Machine Vision AUTOMATISIERT die industrielle BILDVERARBEITUNG AUCH BEI wechselnden St\u00f6reinfl\u00fcssen f\u00fcr REDUZIERTE KOSTEN und Auswertezeiten.","breadcrumb":{"@id":"https:\/\/crazydemos.com\/demo\/iconpro\/use-cases\/machine-vision\/#breadcrumb"},"inLanguage":"de","potentialAction":[{"@type":"ReadAction","target":["https:\/\/crazydemos.com\/demo\/iconpro\/use-cases\/machine-vision\/"]}]},{"@type":"BreadcrumbList","@id":"https:\/\/crazydemos.com\/demo\/iconpro\/use-cases\/machine-vision\/#breadcrumb","itemListElement":[{"@type":"ListItem","position":1,"name":"Home","item":"https:\/\/crazydemos.com\/demo\/iconpro\/"},{"@type":"ListItem","position":2,"name":"Use Cases","item":"https:\/\/crazydemos.com\/demo\/iconpro\/use-cases\/"},{"@type":"ListItem","position":3,"name":"Machine Vision"}]},{"@type":"WebSite","@id":"https:\/\/crazydemos.com\/demo\/iconpro\/#website","url":"https:\/\/crazydemos.com\/demo\/iconpro\/","name":"IconPro","description":"","potentialAction":[{"@type":"SearchAction","target":{"@type":"EntryPoint","urlTemplate":"https:\/\/crazydemos.com\/demo\/iconpro\/?s={search_term_string}"},"query-input":{"@type":"PropertyValueSpecification","valueRequired":true,"valueName":"search_term_string"}}],"inLanguage":"de"}]}},"_links":{"self":[{"href":"https:\/\/crazydemos.com\/demo\/iconpro\/wp-json\/wp\/v2\/pages\/500","targetHints":{"allow":["GET"]}}],"collection":[{"href":"https:\/\/crazydemos.com\/demo\/iconpro\/wp-json\/wp\/v2\/pages"}],"about":[{"href":"https:\/\/crazydemos.com\/demo\/iconpro\/wp-json\/wp\/v2\/types\/page"}],"author":[{"embeddable":true,"href":"https:\/\/crazydemos.com\/demo\/iconpro\/wp-json\/wp\/v2\/users\/1"}],"replies":[{"embeddable":true,"href":"https:\/\/crazydemos.com\/demo\/iconpro\/wp-json\/wp\/v2\/comments?post=500"}],"version-history":[{"count":121,"href":"https:\/\/crazydemos.com\/demo\/iconpro\/wp-json\/wp\/v2\/pages\/500\/revisions"}],"predecessor-version":[{"id":11112,"href":"https:\/\/crazydemos.com\/demo\/iconpro\/wp-json\/wp\/v2\/pages\/500\/revisions\/11112"}],"up":[{"embeddable":true,"href":"https:\/\/crazydemos.com\/demo\/iconpro\/wp-json\/wp\/v2\/pages\/404"}],"wp:attachment":[{"href":"https:\/\/crazydemos.com\/demo\/iconpro\/wp-json\/wp\/v2\/media?parent=500"}],"curies":[{"name":"wp","href":"https:\/\/api.w.org\/{rel}","templated":true}]}}