{"id":95,"date":"2021-12-22T16:48:49","date_gmt":"2021-12-22T16:48:49","guid":{"rendered":"https:\/\/crazydemos.com\/demo\/iconpro\/?page_id=95"},"modified":"2024-01-04T14:40:39","modified_gmt":"2024-01-04T14:40:39","slug":"press","status":"publish","type":"page","link":"https:\/\/crazydemos.com\/demo\/iconpro\/press\/","title":{"rendered":"Presse"},"content":{"rendered":"","protected":false},"excerpt":{"rendered":"","protected":false},"author":1,"featured_media":0,"parent":0,"menu_order":0,"comment_status":"closed","ping_status":"closed","template":"","meta":{"_acf_changed":false,"footnotes":""},"class_list":["post-95","page","type-page","status-publish","hentry"],"acf":{"photo_gallery":{"logos_slider":[[]]}},"yoast_head":"<!-- This site is optimized with the Yoast SEO plugin v25.9 - https:\/\/yoast.com\/wordpress\/plugins\/seo\/ -->\n<title>Pressebereich - Information \u00fcber und von IconPro<\/title>\n<meta name=\"description\" content=\"Finden Sie weitere Informationen \u00fcber IconPro im IconPro Presse Bereich. Kontaktieren Sie uns f\u00fcr alle Presseanfragen oder \u00e4hnliche Anliegen.\" \/>\n<meta name=\"robots\" content=\"index, follow, max-snippet:-1, max-image-preview:large, max-video-preview:-1\" \/>\n<link rel=\"canonical\" href=\"https:\/\/crazydemos.com\/demo\/iconpro\/press\/\" \/>\n<meta property=\"og:locale\" content=\"de_DE\" \/>\n<meta property=\"og:type\" content=\"article\" \/>\n<meta property=\"og:title\" content=\"Pressebereich - Information \u00fcber und von IconPro\" \/>\n<meta property=\"og:description\" content=\"Finden Sie weitere Informationen \u00fcber IconPro im IconPro Presse Bereich. Kontaktieren Sie uns f\u00fcr alle Presseanfragen oder \u00e4hnliche Anliegen.\" \/>\n<meta property=\"og:url\" content=\"https:\/\/crazydemos.com\/demo\/iconpro\/press\/\" \/>\n<meta property=\"og:site_name\" content=\"IconPro\" \/>\n<meta property=\"article:modified_time\" content=\"2024-01-04T14:40:39+00:00\" \/>\n<meta name=\"twitter:card\" content=\"summary_large_image\" \/>\n<script type=\"application\/ld+json\" class=\"yoast-schema-graph\">{\"@context\":\"https:\/\/schema.org\",\"@graph\":[{\"@type\":\"WebPage\",\"@id\":\"https:\/\/crazydemos.com\/demo\/iconpro\/press\/\",\"url\":\"https:\/\/crazydemos.com\/demo\/iconpro\/press\/\",\"name\":\"Pressebereich - Information \u00fcber und von IconPro\",\"isPartOf\":{\"@id\":\"https:\/\/crazydemos.com\/demo\/iconpro\/#website\"},\"datePublished\":\"2021-12-22T16:48:49+00:00\",\"dateModified\":\"2024-01-04T14:40:39+00:00\",\"description\":\"Finden Sie weitere Informationen \u00fcber IconPro im IconPro Presse Bereich. Kontaktieren Sie uns f\u00fcr alle Presseanfragen oder \u00e4hnliche Anliegen.\",\"breadcrumb\":{\"@id\":\"https:\/\/crazydemos.com\/demo\/iconpro\/press\/#breadcrumb\"},\"inLanguage\":\"de\",\"potentialAction\":[{\"@type\":\"ReadAction\",\"target\":[\"https:\/\/crazydemos.com\/demo\/iconpro\/press\/\"]}]},{\"@type\":\"BreadcrumbList\",\"@id\":\"https:\/\/crazydemos.com\/demo\/iconpro\/press\/#breadcrumb\",\"itemListElement\":[{\"@type\":\"ListItem\",\"position\":1,\"name\":\"Home\",\"item\":\"https:\/\/crazydemos.com\/demo\/iconpro\/\"},{\"@type\":\"ListItem\",\"position\":2,\"name\":\"Presse\"}]},{\"@type\":\"WebSite\",\"@id\":\"https:\/\/crazydemos.com\/demo\/iconpro\/#website\",\"url\":\"https:\/\/crazydemos.com\/demo\/iconpro\/\",\"name\":\"IconPro\",\"description\":\"\",\"potentialAction\":[{\"@type\":\"SearchAction\",\"target\":{\"@type\":\"EntryPoint\",\"urlTemplate\":\"https:\/\/crazydemos.com\/demo\/iconpro\/?s={search_term_string}\"},\"query-input\":{\"@type\":\"PropertyValueSpecification\",\"valueRequired\":true,\"valueName\":\"search_term_string\"}}],\"inLanguage\":\"de\"}]}<\/script>\n<!-- \/ Yoast SEO plugin. -->","yoast_head_json":{"title":"Pressebereich - Information \u00fcber und von IconPro","description":"Finden Sie weitere Informationen \u00fcber IconPro im IconPro Presse Bereich. Kontaktieren Sie uns f\u00fcr alle Presseanfragen oder \u00e4hnliche Anliegen.","robots":{"index":"index","follow":"follow","max-snippet":"max-snippet:-1","max-image-preview":"max-image-preview:large","max-video-preview":"max-video-preview:-1"},"canonical":"https:\/\/crazydemos.com\/demo\/iconpro\/press\/","og_locale":"de_DE","og_type":"article","og_title":"Pressebereich - Information \u00fcber und von IconPro","og_description":"Finden Sie weitere Informationen \u00fcber IconPro im IconPro Presse Bereich. Kontaktieren Sie uns f\u00fcr alle Presseanfragen oder \u00e4hnliche Anliegen.","og_url":"https:\/\/crazydemos.com\/demo\/iconpro\/press\/","og_site_name":"IconPro","article_modified_time":"2024-01-04T14:40:39+00:00","twitter_card":"summary_large_image","schema":{"@context":"https:\/\/schema.org","@graph":[{"@type":"WebPage","@id":"https:\/\/crazydemos.com\/demo\/iconpro\/press\/","url":"https:\/\/crazydemos.com\/demo\/iconpro\/press\/","name":"Pressebereich - Information \u00fcber und von IconPro","isPartOf":{"@id":"https:\/\/crazydemos.com\/demo\/iconpro\/#website"},"datePublished":"2021-12-22T16:48:49+00:00","dateModified":"2024-01-04T14:40:39+00:00","description":"Finden Sie weitere Informationen \u00fcber IconPro im IconPro Presse Bereich. Kontaktieren Sie uns f\u00fcr alle Presseanfragen oder \u00e4hnliche Anliegen.","breadcrumb":{"@id":"https:\/\/crazydemos.com\/demo\/iconpro\/press\/#breadcrumb"},"inLanguage":"de","potentialAction":[{"@type":"ReadAction","target":["https:\/\/crazydemos.com\/demo\/iconpro\/press\/"]}]},{"@type":"BreadcrumbList","@id":"https:\/\/crazydemos.com\/demo\/iconpro\/press\/#breadcrumb","itemListElement":[{"@type":"ListItem","position":1,"name":"Home","item":"https:\/\/crazydemos.com\/demo\/iconpro\/"},{"@type":"ListItem","position":2,"name":"Presse"}]},{"@type":"WebSite","@id":"https:\/\/crazydemos.com\/demo\/iconpro\/#website","url":"https:\/\/crazydemos.com\/demo\/iconpro\/","name":"IconPro","description":"","potentialAction":[{"@type":"SearchAction","target":{"@type":"EntryPoint","urlTemplate":"https:\/\/crazydemos.com\/demo\/iconpro\/?s={search_term_string}"},"query-input":{"@type":"PropertyValueSpecification","valueRequired":true,"valueName":"search_term_string"}}],"inLanguage":"de"}]}},"_links":{"self":[{"href":"https:\/\/crazydemos.com\/demo\/iconpro\/wp-json\/wp\/v2\/pages\/95","targetHints":{"allow":["GET"]}}],"collection":[{"href":"https:\/\/crazydemos.com\/demo\/iconpro\/wp-json\/wp\/v2\/pages"}],"about":[{"href":"https:\/\/crazydemos.com\/demo\/iconpro\/wp-json\/wp\/v2\/types\/page"}],"author":[{"embeddable":true,"href":"https:\/\/crazydemos.com\/demo\/iconpro\/wp-json\/wp\/v2\/users\/1"}],"replies":[{"embeddable":true,"href":"https:\/\/crazydemos.com\/demo\/iconpro\/wp-json\/wp\/v2\/comments?post=95"}],"version-history":[{"count":39,"href":"https:\/\/crazydemos.com\/demo\/iconpro\/wp-json\/wp\/v2\/pages\/95\/revisions"}],"predecessor-version":[{"id":9706,"href":"https:\/\/crazydemos.com\/demo\/iconpro\/wp-json\/wp\/v2\/pages\/95\/revisions\/9706"}],"wp:attachment":[{"href":"https:\/\/crazydemos.com\/demo\/iconpro\/wp-json\/wp\/v2\/media?parent=95"}],"curies":[{"name":"wp","href":"https:\/\/api.w.org\/{rel}","templated":true}]}}